{"id":221,"date":"2023-01-26T11:45:30","date_gmt":"2023-01-26T10:45:30","guid":{"rendered":"https:\/\/melaniefrey-stiftung.chaccueil\/"},"modified":"2023-01-31T13:56:00","modified_gmt":"2023-01-31T12:56:00","slug":"accueil","status":"publish","type":"page","link":"https:\/\/melaniefrey-stiftung.ch\/fr\/","title":{"rendered":"Accueil"},"content":{"rendered":"\t\t<div data-elementor-type=\"wp-page\" data-elementor-id=\"221\" class=\"elementor elementor-221 elementor-14\">\n\t\t\t\t\t\t\t\t\t<section class=\"elementor-section elementor-top-section elementor-element elementor-element-c921a7b elementor-section-boxed elementor-section-height-default elementor-section-height-default\" data-id=\"c921a7b\" data-element_type=\"section\" data-settings=\"{&quot;background_background&quot;:&quot;classic&quot;}\">\n\t\t\t\t\t\t<div class=\"elementor-container elementor-column-gap-default\">\n\t\t\t\t\t<div class=\"elementor-column elementor-col-100 elementor-top-column elementor-element elementor-element-ab3c449\" data-id=\"ab3c449\" data-element_type=\"column\" data-settings=\"{&quot;background_background&quot;:&quot;classic&quot;}\">\n\t\t\t<div class=\"elementor-widget-wrap elementor-element-populated\">\n\t\t\t\t\t\t\t\t<div class=\"elementor-element elementor-element-dfdc916 elementor-widget elementor-widget-text-editor\" data-id=\"dfdc916\" data-element_type=\"widget\" data-widget_type=\"text-editor.default\">\n\t\t\t\t<div class=\"elementor-widget-container\">\n\t\t\t<style>\/*! elementor - v3.10.1 - 17-01-2023 *\/\n.elementor-widget-text-editor.elementor-drop-cap-view-stacked .elementor-drop-cap{background-color:#818a91;color:#fff}.elementor-widget-text-editor.elementor-drop-cap-view-framed .elementor-drop-cap{color:#818a91;border:3px solid;background-color:transparent}.elementor-widget-text-editor:not(.elementor-drop-cap-view-default) .elementor-drop-cap{margin-top:8px}.elementor-widget-text-editor:not(.elementor-drop-cap-view-default) .elementor-drop-cap-letter{width:1em;height:1em}.elementor-widget-text-editor .elementor-drop-cap{float:left;text-align:center;line-height:1;font-size:50px}.elementor-widget-text-editor .elementor-drop-cap-letter{display:inline-block}<\/style>\t\t\t\t<h2>Introduction<\/h2>\n<p>Madame Melanie Kaufmann-Frey est d\u00e9c\u00e9d\u00e9e le 29 mars 1994. D\u00e9sireuse de t\u00e9moigner sa reconnaissance envers la famille Frey-Reimann, fondatrice de l\u2019entreprise Arthur Frey SA &#8211; plus connue sous le nom de VETEMENTS FREY &#8211; et son attachement \u00e0 cette entreprise, elle a constitu\u00e9, par voie testamentaire, la<\/p>\n<h1>Fondation Huge et Melanie Frey<\/h1>\n<p>\u00e0 laquelle elle a consacr\u00e9 la majeure partie de sa succession. Selon le testament de la fondatrice, le principal objectif de cette fondation est de fournir une aide et une protection sociales aux anciens collaborateurs et collaboratrices de FREY, tomb\u00e9s dans une pr\u00e9carit\u00e9 existentielle dont ils ne sont pas personnellement responsables.<\/p>\n<p>En cr\u00e9ant une institution destin\u00e9e \u00e0 veiller au bien du personnel et \u00e0 le prot\u00e9ger des vicissitudes de la vie, la principale actionnaire de l\u2019entreprise VETEMENTS FREY a fait preuve &#8211; par-del\u00e0 sa mort &#8211; d\u2019une tr\u00e8s grande responsabilit\u00e9 \u00e9thique et entrepreneuriale, vraiment exemplaire, \u00e0 une \u00e9poque o\u00f9 l\u2019\u00e9tat social atteint pr\u00e9cis\u00e9ment ses limites.<\/p>\n<p>Le Conseil de fondation<br \/>Soleure, novembre 1997 <br \/>Actualisation, f\u00e9vrier 2006<\/p>\n\t\t\t\t\t\t<\/div>\n\t\t\t\t<\/div>\n\t\t\t\t\t<\/div>\n\t\t<\/div>\n\t\t\t\t\t\t\t<\/div>\n\t\t<\/section>\n\t\t\t\t\t\t\t<\/div>\n\t\t","protected":false},"excerpt":{"rendered":"<p>Introduction Madame Melanie Kaufmann-Frey est d\u00e9c\u00e9d\u00e9e le 29 mars 1994. D\u00e9sireuse de t\u00e9moigner sa reconnaissance envers la famille Frey-Reimann, fondatrice de l\u2019entreprise Arthur Frey SA &#8211; plus connue sous le nom de VETEMENTS FREY &#8211; et son attachement \u00e0 cette entreprise, elle a constitu\u00e9, par voie testamentaire, la Fondation Huge et Melanie Frey \u00e0 laquelle [&hellip;]<\/p>\n","protected":false},"author":1,"featured_media":0,"parent":0,"menu_order":0,"comment_status":"closed","ping_status":"closed","template":"","meta":[],"_links":{"self":[{"href":"https:\/\/melaniefrey-stiftung.ch\/fr\/wp-json\/wp\/v2\/pages\/221"}],"collection":[{"href":"https:\/\/melaniefrey-stiftung.ch\/fr\/wp-json\/wp\/v2\/pages"}],"about":[{"href":"https:\/\/melaniefrey-stiftung.ch\/fr\/wp-json\/wp\/v2\/types\/page"}],"author":[{"embeddable":true,"href":"https:\/\/melaniefrey-stiftung.ch\/fr\/wp-json\/wp\/v2\/users\/1"}],"replies":[{"embeddable":true,"href":"https:\/\/melaniefrey-stiftung.ch\/fr\/wp-json\/wp\/v2\/comments?post=221"}],"version-history":[{"count":5,"href":"https:\/\/melaniefrey-stiftung.ch\/fr\/wp-json\/wp\/v2\/pages\/221\/revisions"}],"predecessor-version":[{"id":226,"href":"https:\/\/melaniefrey-stiftung.ch\/fr\/wp-json\/wp\/v2\/pages\/221\/revisions\/226"}],"wp:attachment":[{"href":"https:\/\/melaniefrey-stiftung.ch\/fr\/wp-json\/wp\/v2\/media?parent=221"}],"curies":[{"name":"wp","href":"https:\/\/api.w.org\/{rel}","templated":true}]}}