{"id":227,"date":"2023-01-26T13:56:09","date_gmt":"2023-01-26T12:56:09","guid":{"rendered":"https:\/\/melaniefrey-stiftung.chqui-sommes-nous\/"},"modified":"2023-02-14T10:06:20","modified_gmt":"2023-02-14T09:06:20","slug":"qui-sommes-nous","status":"publish","type":"page","link":"https:\/\/melaniefrey-stiftung.ch\/fr\/qui-sommes-nous\/","title":{"rendered":"Qui sommes-nous?"},"content":{"rendered":"\t\t<div data-elementor-type=\"wp-page\" data-elementor-id=\"227\" class=\"elementor elementor-227 elementor-80\">\n\t\t\t\t\t\t\t\t\t<section class=\"elementor-section elementor-top-section elementor-element elementor-element-588a90d elementor-section-boxed elementor-section-height-default elementor-section-height-default\" data-id=\"588a90d\" data-element_type=\"section\">\n\t\t\t\t\t\t<div class=\"elementor-container elementor-column-gap-default\">\n\t\t\t\t\t<div class=\"elementor-column elementor-col-100 elementor-top-column elementor-element elementor-element-c6da62e\" data-id=\"c6da62e\" data-element_type=\"column\" data-settings=\"{&quot;background_background&quot;:&quot;classic&quot;}\">\n\t\t\t<div class=\"elementor-widget-wrap elementor-element-populated\">\n\t\t\t\t\t\t\t\t<div class=\"elementor-element elementor-element-5274af4 elementor-widget elementor-widget-text-editor\" data-id=\"5274af4\" data-element_type=\"widget\" data-widget_type=\"text-editor.default\">\n\t\t\t\t<div class=\"elementor-widget-container\">\n\t\t\t<style>\/*! elementor - v3.10.1 - 17-01-2023 *\/\n.elementor-widget-text-editor.elementor-drop-cap-view-stacked .elementor-drop-cap{background-color:#818a91;color:#fff}.elementor-widget-text-editor.elementor-drop-cap-view-framed .elementor-drop-cap{color:#818a91;border:3px solid;background-color:transparent}.elementor-widget-text-editor:not(.elementor-drop-cap-view-default) .elementor-drop-cap{margin-top:8px}.elementor-widget-text-editor:not(.elementor-drop-cap-view-default) .elementor-drop-cap-letter{width:1em;height:1em}.elementor-widget-text-editor .elementor-drop-cap{float:left;text-align:center;line-height:1;font-size:50px}.elementor-widget-text-editor .elementor-drop-cap-letter{display:inline-block}<\/style>\t\t\t\t<h2>Organes de la Fondation<\/h2>\n\t\t\t\t\t\t<\/div>\n\t\t\t\t<\/div>\n\t\t\t\t\t<\/div>\n\t\t<\/div>\n\t\t\t\t\t\t\t<\/div>\n\t\t<\/section>\n\t\t\t\t<section class=\"elementor-section elementor-top-section elementor-element elementor-element-2b53f63 elementor-section-boxed elementor-section-height-default elementor-section-height-default\" data-id=\"2b53f63\" data-element_type=\"section\">\n\t\t\t\t\t\t<div class=\"elementor-container elementor-column-gap-default\">\n\t\t\t\t\t<div class=\"elementor-column elementor-col-33 elementor-top-column elementor-element elementor-element-f5ef2f7\" data-id=\"f5ef2f7\" data-element_type=\"column\">\n\t\t\t<div class=\"elementor-widget-wrap elementor-element-populated\">\n\t\t\t\t\t\t\t\t<div class=\"elementor-element elementor-element-5354397 elementor-widget elementor-widget-text-editor\" data-id=\"5354397\" data-element_type=\"widget\" data-widget_type=\"text-editor.default\">\n\t\t\t\t<div class=\"elementor-widget-container\">\n\t\t\t\t\t\t\t<h3>Conseil de fondation<\/h3>\n<p>lic. en dr. Conrad Stampfli, Soleure, pr\u00e9sident<br \/>Florian Studer, Lostorf, membre<br \/>Koni Kunz, Burgdorf, membre<\/p>\n\t\t\t\t\t\t<\/div>\n\t\t\t\t<\/div>\n\t\t\t\t\t<\/div>\n\t\t<\/div>\n\t\t\t\t<div class=\"elementor-column elementor-col-33 elementor-top-column elementor-element elementor-element-ca777bd\" data-id=\"ca777bd\" data-element_type=\"column\">\n\t\t\t<div class=\"elementor-widget-wrap elementor-element-populated\">\n\t\t\t\t\t\t\t\t<div class=\"elementor-element elementor-element-f4e4b0c elementor-widget elementor-widget-text-editor\" data-id=\"f4e4b0c\" data-element_type=\"widget\" data-widget_type=\"text-editor.default\">\n\t\t\t\t<div class=\"elementor-widget-container\">\n\t\t\t\t\t\t\t<h3>D\u00e9l\u00e9gu\u00e9e<\/h3>\n<p>Erika Kohler<br \/>Friedhofweg 11<br \/>4537 Wiedlisbach<br \/>T\u00e9l. 079 713 93 17<\/p>\n\t\t\t\t\t\t<\/div>\n\t\t\t\t<\/div>\n\t\t\t\t\t<\/div>\n\t\t<\/div>\n\t\t\t\t<div class=\"elementor-column elementor-col-33 elementor-top-column elementor-element elementor-element-5afe378\" data-id=\"5afe378\" data-element_type=\"column\">\n\t\t\t<div class=\"elementor-widget-wrap elementor-element-populated\">\n\t\t\t\t\t\t\t\t<div class=\"elementor-element elementor-element-4160b24 elementor-widget elementor-widget-text-editor\" data-id=\"4160b24\" data-element_type=\"widget\" data-widget_type=\"text-editor.default\">\n\t\t\t\t<div class=\"elementor-widget-container\">\n\t\t\t\t\t\t\t<h3>Secr\u00e9tariat<\/h3>\n<p>Fondation Huge et Melanie Frey<br \/>M\u00fcllerhof, St. Niklausstrasse 1<br \/>4500 Soleure<br \/>T\u00e9l. 032 624 12 28<\/p>\n\t\t\t\t\t\t<\/div>\n\t\t\t\t<\/div>\n\t\t\t\t\t<\/div>\n\t\t<\/div>\n\t\t\t\t\t\t\t<\/div>\n\t\t<\/section>\n\t\t\t\t<section class=\"elementor-section elementor-top-section elementor-element elementor-element-3f2dc30 elementor-section-boxed elementor-section-height-default elementor-section-height-default\" data-id=\"3f2dc30\" data-element_type=\"section\" data-settings=\"{&quot;background_background&quot;:&quot;classic&quot;}\">\n\t\t\t\t\t\t<div class=\"elementor-container elementor-column-gap-default\">\n\t\t\t\t\t<div class=\"elementor-column elementor-col-100 elementor-top-column elementor-element elementor-element-c2a5ec4\" data-id=\"c2a5ec4\" data-element_type=\"column\">\n\t\t\t<div class=\"elementor-widget-wrap elementor-element-populated\">\n\t\t\t\t\t\t\t\t<div class=\"elementor-element elementor-element-59e620e elementor-widget elementor-widget-text-editor\" data-id=\"59e620e\" data-element_type=\"widget\" data-widget_type=\"text-editor.default\">\n\t\t\t\t<div class=\"elementor-widget-container\">\n\t\t\t\t\t\t\t<h2>Principales caract\u00e9ristiques de la Fondation<\/h2>\n\t\t\t\t\t\t<\/div>\n\t\t\t\t<\/div>\n\t\t\t\t\t<\/div>\n\t\t<\/div>\n\t\t\t\t\t\t\t<\/div>\n\t\t<\/section>\n\t\t\t\t<section class=\"elementor-section elementor-top-section elementor-element elementor-element-504ddab elementor-section-boxed elementor-section-height-default elementor-section-height-default\" data-id=\"504ddab\" data-element_type=\"section\" data-settings=\"{&quot;background_background&quot;:&quot;classic&quot;}\">\n\t\t\t\t\t\t<div class=\"elementor-container elementor-column-gap-default\">\n\t\t\t\t\t<div class=\"elementor-column elementor-col-25 elementor-top-column elementor-element elementor-element-14221a9\" data-id=\"14221a9\" data-element_type=\"column\">\n\t\t\t<div class=\"elementor-widget-wrap elementor-element-populated\">\n\t\t\t\t\t\t\t\t<div class=\"elementor-element elementor-element-c5616ec elementor-widget elementor-widget-text-editor\" data-id=\"c5616ec\" data-element_type=\"widget\" data-widget_type=\"text-editor.default\">\n\t\t\t\t<div class=\"elementor-widget-container\">\n\t\t\t\t\t\t\t<p>La FONDATION HUGO &amp; MELANIE FREY est une institution de pr\u00e9voyance priv\u00e9e, cr\u00e9\u00e9e \u00e0 l\u2019intention des anciens collaborateurs et collaboratrices de la SA Arthur Frey et de ses filiales.<\/p>\n\t\t\t\t\t\t<\/div>\n\t\t\t\t<\/div>\n\t\t\t\t\t<\/div>\n\t\t<\/div>\n\t\t\t\t<div class=\"elementor-column elementor-col-25 elementor-top-column elementor-element elementor-element-047912b\" data-id=\"047912b\" data-element_type=\"column\">\n\t\t\t<div class=\"elementor-widget-wrap elementor-element-populated\">\n\t\t\t\t\t\t\t\t<div class=\"elementor-element elementor-element-1993d01 elementor-widget elementor-widget-text-editor\" data-id=\"1993d01\" data-element_type=\"widget\" data-widget_type=\"text-editor.default\">\n\t\t\t\t<div class=\"elementor-widget-container\">\n\t\t\t\t\t\t\t<p>La FONDATION HUGO &amp; MELANIE FREY vient en aide aux anciens employ\u00e9s de V\u00caTEMENTS FREY tomb\u00e9s dans la pr\u00e9carit\u00e9 (professionnelle et sociale) ou susceptibles d\u2019y tomber \u00e0 plus ou moins long terme. <\/p>\n\t\t\t\t\t\t<\/div>\n\t\t\t\t<\/div>\n\t\t\t\t\t<\/div>\n\t\t<\/div>\n\t\t\t\t<div class=\"elementor-column elementor-col-25 elementor-top-column elementor-element elementor-element-d4cf219\" data-id=\"d4cf219\" data-element_type=\"column\">\n\t\t\t<div class=\"elementor-widget-wrap elementor-element-populated\">\n\t\t\t\t\t\t\t\t<div class=\"elementor-element elementor-element-af5419d elementor-widget elementor-widget-text-editor\" data-id=\"af5419d\" data-element_type=\"widget\" data-widget_type=\"text-editor.default\">\n\t\t\t\t<div class=\"elementor-widget-container\">\n\t\t\t\t\t\t\t<p>La FONDATION HUGO &amp; MELANIE FREY est ind\u00e9pendante des institutions de pr\u00e9voyance du personnel (caisse de pension, fondation compl\u00e9mentaire, caisse d\u2019\u00e9pargne) de l\u2019ancienne Arthur Frey SA.<\/p>\n\t\t\t\t\t\t<\/div>\n\t\t\t\t<\/div>\n\t\t\t\t\t<\/div>\n\t\t<\/div>\n\t\t\t\t<div class=\"elementor-column elementor-col-25 elementor-top-column elementor-element elementor-element-6c0b06f\" data-id=\"6c0b06f\" data-element_type=\"column\">\n\t\t\t<div class=\"elementor-widget-wrap elementor-element-populated\">\n\t\t\t\t\t\t\t\t<div class=\"elementor-element elementor-element-c7eff53 elementor-widget elementor-widget-text-editor\" data-id=\"c7eff53\" data-element_type=\"widget\" data-widget_type=\"text-editor.default\">\n\t\t\t\t<div class=\"elementor-widget-container\">\n\t\t\t\t\t\t\t<p>La FONDATION HUGO &amp; MELANIE FREY a son si\u00e8ge social en ville de Soleure. Elle est soumise \u00e0 l\u2019autorit\u00e9 cantonale soleuroise de surveillance des fondations.<\/p>\n\t\t\t\t\t\t<\/div>\n\t\t\t\t<\/div>\n\t\t\t\t\t<\/div>\n\t\t<\/div>\n\t\t\t\t\t\t\t<\/div>\n\t\t<\/section>\n\t\t\t\t<section class=\"elementor-section elementor-top-section elementor-element elementor-element-3083c34 elementor-section-boxed elementor-section-height-default elementor-section-height-default\" data-id=\"3083c34\" data-element_type=\"section\">\n\t\t\t\t\t\t<div class=\"elementor-container elementor-column-gap-default\">\n\t\t\t\t\t<div class=\"elementor-column elementor-col-100 elementor-top-column elementor-element elementor-element-b1f83fe\" data-id=\"b1f83fe\" data-element_type=\"column\">\n\t\t\t<div class=\"elementor-widget-wrap elementor-element-populated\">\n\t\t\t\t\t\t\t\t<div class=\"elementor-element elementor-element-e800393 elementor-widget elementor-widget-text-editor\" data-id=\"e800393\" data-element_type=\"widget\" data-widget_type=\"text-editor.default\">\n\t\t\t\t<div class=\"elementor-widget-container\">\n\t\t\t\t\t\t\t<h2>Evolution de la FONDATION HUGO &amp; MELANIE FREY depuis 1994<\/h2>\n\t\t\t\t\t\t<\/div>\n\t\t\t\t<\/div>\n\t\t\t\t\t<\/div>\n\t\t<\/div>\n\t\t\t\t\t\t\t<\/div>\n\t\t<\/section>\n\t\t\t\t<section class=\"elementor-section elementor-top-section elementor-element elementor-element-c34b033 elementor-section-boxed elementor-section-height-default elementor-section-height-default\" data-id=\"c34b033\" data-element_type=\"section\">\n\t\t\t\t\t\t<div class=\"elementor-container elementor-column-gap-default\">\n\t\t\t\t\t<div class=\"elementor-column elementor-col-100 elementor-top-column elementor-element elementor-element-5f48c6b\" data-id=\"5f48c6b\" data-element_type=\"column\">\n\t\t\t<div class=\"elementor-widget-wrap elementor-element-populated\">\n\t\t\t\t\t\t\t\t<div class=\"elementor-element elementor-element-4b48cd8 elementor-widget elementor-widget-text-editor\" data-id=\"4b48cd8\" data-element_type=\"widget\" data-widget_type=\"text-editor.default\">\n\t\t\t\t<div class=\"elementor-widget-container\">\n\t\t\t\t\t\t\t<p>Au d\u00e9but, la Fondation a surtout r\u00e9gl\u00e9 des cas sociaux, cons\u00e9cutifs \u00e0 la vente de V\u00eatements Frey \u00e0 V\u00d6GELE. Depuis, le cercle des personnes auxquelles la Fondation vient en aide s\u2019est constamment \u00e9largi. Elle verse d\u00e9sormais aussi des allocations \u00e0 des m\u00e8res \u00e9levant seules leurs enfants, \u00e0 des demandeurs et demandeuses d\u2019emploi ou \u00e0 des retrait\u00e9(e)s dont le revenu et la fortune se situent au seuil du minimum vital et dont la qualit\u00e9 de vie est encore compromise par la chert\u00e9 des co\u00fbts de la sant\u00e9.<\/p>\n<p><strong>Le Conseil de fondation a trait\u00e9 plus de 160 requ\u00eates \u00e9manant d\u2019anciens employ\u00e9s de V\u00eatements Frey. Une aide active a \u00e9t\u00e9 fournie dans la plupart des cas.<\/strong><\/p>\n<p>Tous les membres du Conseil de fondation (qui prend les d\u00e9cisions concernant les requ\u00eates) ont \u00e9t\u00e9 en relations directes avec la fondatrice et avec l\u2019ancienne ARTHUR FREY SA, pendant plusieurs ann\u00e9es. Le d\u00e9l\u00e9gu\u00e9 de la Fondation (qui re\u00e7oit personnellement les demandes) ainsi que les personnes de confiance avec lesquelles il collabore au niveau r\u00e9gional, sont \u00e9galement des gens qui ont fait partie de FREY pendant des d\u00e9cennies.<\/p>\n\t\t\t\t\t\t<\/div>\n\t\t\t\t<\/div>\n\t\t\t\t\t<\/div>\n\t\t<\/div>\n\t\t\t\t\t\t\t<\/div>\n\t\t<\/section>\n\t\t\t\t\t\t\t<\/div>\n\t\t","protected":false},"excerpt":{"rendered":"<p>Organes de la Fondation Conseil de fondation lic. en dr. Conrad Stampfli, Soleure, pr\u00e9sidentFlorian Studer, Lostorf, membreKoni Kunz, Burgdorf, membre D\u00e9l\u00e9gu\u00e9e Erika KohlerFriedhofweg 114537 WiedlisbachT\u00e9l. 079 713 93 17 Secr\u00e9tariat Fondation Huge et Melanie FreyM\u00fcllerhof, St. Niklausstrasse 14500 SoleureT\u00e9l. 032 624 12 28 Principales caract\u00e9ristiques de la Fondation La FONDATION HUGO &amp; MELANIE FREY est [&hellip;]<\/p>\n","protected":false},"author":1,"featured_media":0,"parent":0,"menu_order":0,"comment_status":"closed","ping_status":"closed","template":"","meta":[],"_links":{"self":[{"href":"https:\/\/melaniefrey-stiftung.ch\/fr\/wp-json\/wp\/v2\/pages\/227"}],"collection":[{"href":"https:\/\/melaniefrey-stiftung.ch\/fr\/wp-json\/wp\/v2\/pages"}],"about":[{"href":"https:\/\/melaniefrey-stiftung.ch\/fr\/wp-json\/wp\/v2\/types\/page"}],"author":[{"embeddable":true,"href":"https:\/\/melaniefrey-stiftung.ch\/fr\/wp-json\/wp\/v2\/users\/1"}],"replies":[{"embeddable":true,"href":"https:\/\/melaniefrey-stiftung.ch\/fr\/wp-json\/wp\/v2\/comments?post=227"}],"version-history":[{"count":2,"href":"https:\/\/melaniefrey-stiftung.ch\/fr\/wp-json\/wp\/v2\/pages\/227\/revisions"}],"predecessor-version":[{"id":293,"href":"https:\/\/melaniefrey-stiftung.ch\/fr\/wp-json\/wp\/v2\/pages\/227\/revisions\/293"}],"wp:attachment":[{"href":"https:\/\/melaniefrey-stiftung.ch\/fr\/wp-json\/wp\/v2\/media?parent=227"}],"curies":[{"name":"wp","href":"https:\/\/api.w.org\/{rel}","templated":true}]}}