{"id":229,"date":"2023-01-30T16:39:18","date_gmt":"2023-01-30T15:39:18","guid":{"rendered":"https:\/\/melaniefrey-stiftung.chfondateurs\/"},"modified":"2023-02-01T10:25:32","modified_gmt":"2023-02-01T09:25:32","slug":"fondateurs","status":"publish","type":"page","link":"https:\/\/melaniefrey-stiftung.ch\/fr\/fondateurs\/","title":{"rendered":"Fondateurs"},"content":{"rendered":"\t\t<div data-elementor-type=\"wp-page\" data-elementor-id=\"229\" class=\"elementor elementor-229 elementor-156\">\n\t\t\t\t\t\t\t\t\t<section class=\"elementor-section elementor-top-section elementor-element elementor-element-2a3d4b0 elementor-section-boxed elementor-section-height-default elementor-section-height-default\" data-id=\"2a3d4b0\" data-element_type=\"section\">\n\t\t\t\t\t\t<div class=\"elementor-container elementor-column-gap-default\">\n\t\t\t\t\t<div class=\"elementor-column elementor-col-66 elementor-top-column elementor-element elementor-element-1862010\" data-id=\"1862010\" data-element_type=\"column\" data-settings=\"{&quot;background_background&quot;:&quot;classic&quot;}\">\n\t\t\t<div class=\"elementor-widget-wrap elementor-element-populated\">\n\t\t\t\t\t\t\t\t<div class=\"elementor-element elementor-element-708d55a elementor-widget elementor-widget-text-editor\" data-id=\"708d55a\" data-element_type=\"widget\" data-widget_type=\"text-editor.default\">\n\t\t\t\t<div class=\"elementor-widget-container\">\n\t\t\t<style>\/*! elementor - v3.10.1 - 17-01-2023 *\/\n.elementor-widget-text-editor.elementor-drop-cap-view-stacked .elementor-drop-cap{background-color:#818a91;color:#fff}.elementor-widget-text-editor.elementor-drop-cap-view-framed .elementor-drop-cap{color:#818a91;border:3px solid;background-color:transparent}.elementor-widget-text-editor:not(.elementor-drop-cap-view-default) .elementor-drop-cap{margin-top:8px}.elementor-widget-text-editor:not(.elementor-drop-cap-view-default) .elementor-drop-cap-letter{width:1em;height:1em}.elementor-widget-text-editor .elementor-drop-cap{float:left;text-align:center;line-height:1;font-size:50px}.elementor-widget-text-editor .elementor-drop-cap-letter{display:inline-block}<\/style>\t\t\t\t<h2>Hugo Frey<\/h2>\n<p><em>1910-1963<\/em><\/p>\n<p>Hugo Frey \u00e9tait un entrepreneur cr\u00e9ateur, audacieux, d\u00e9termin\u00e9 et tr\u00e8s humain. Pendant plus de deux d\u00e9cennies, il a r\u00e9solument oeuvr\u00e9 &#8211; avec son fr\u00e8re Arthur &#8211; \u00e0 la r\u00e9alisation de leur vision des \u00ab V\u00eatements Frey \u00bb (fabrication et vente au d\u00e9tail), empreinte de principes \u00e9thiques et esth\u00e9tiques Son sens artistique se refl\u00e9tait dans l\u2019architecture, dans l\u2019am\u00e9nagement int\u00e9rieur des magasins et surtout dans la d\u00e9coration des vitrines et la publicit\u00e9. Sous sa conduite, les magasins \u00ab V\u00eatements Frey \u00bb &#8211; dont les affaires \u00e9taient florissantes &#8211; sont devenus des symboles de qualit\u00e9 et de comp\u00e9tence en mati\u00e8re de mode. Sa bienveillance envers tous ses collaborateurs et collaboratrices se manifestait de multiples mani\u00e8res. Il savait faire face avec intelligence et bont\u00e9 de c\u0153ur aux besoins et aux probl\u00e8mes du personnel qui comptait alors pr\u00e8s de 2000 membres. Il voulait partager la r\u00e9ussite de l\u2019entreprise. Selon ses conceptions, le personnel devait b\u00e9n\u00e9ficier de conditions de travail assur\u00e9es, d\u2019une r\u00e9mun\u00e9ration motivante et de tr\u00e8s bonnes institutions sociales. De m\u00eame, il consacrait beaucoup de temps \u00e0 s\u2019entretenir avec ses collaboratrices et ses collaborateurs, \u00e0 s\u2019informer de leur bien-\u00eatre. Son brusque d\u00e9c\u00e8s pr\u00e9matur\u00e9 a \u00e9t\u00e9 un coup tr\u00e8s dur pour son \u00e9pouse, pour ses proches et pour toute la grande \u00ab famille Frey \u00bb tr\u00e8s unie, dans toute la Suisse.<\/p>\n\t\t\t\t\t\t<\/div>\n\t\t\t\t<\/div>\n\t\t\t\t\t<\/div>\n\t\t<\/div>\n\t\t\t\t<div class=\"elementor-column elementor-col-33 elementor-top-column elementor-element elementor-element-b1f0e5a\" data-id=\"b1f0e5a\" data-element_type=\"column\" data-settings=\"{&quot;background_background&quot;:&quot;classic&quot;}\">\n\t\t\t<div class=\"elementor-widget-wrap elementor-element-populated\">\n\t\t\t\t\t\t\t\t<div class=\"elementor-element elementor-element-c13fccf elementor-widget elementor-widget-image\" data-id=\"c13fccf\" data-element_type=\"widget\" data-widget_type=\"image.default\">\n\t\t\t\t<div class=\"elementor-widget-container\">\n\t\t\t<style>\/*! elementor - v3.10.1 - 17-01-2023 *\/\n.elementor-widget-image{text-align:center}.elementor-widget-image a{display:inline-block}.elementor-widget-image a img[src$=\".svg\"]{width:48px}.elementor-widget-image img{vertical-align:middle;display:inline-block}<\/style>\t\t\t\t\t\t\t\t\t\t\t\t<img decoding=\"async\" width=\"200\" height=\"265\" src=\"https:\/\/melaniefrey-stiftung.ch\/wp-content\/uploads\/2023\/01\/hugo_frey.jpg\" class=\"attachment-large size-large wp-image-161\" alt=\"\" loading=\"lazy\" \/>\t\t\t\t\t\t\t\t\t\t\t\t\t\t\t<\/div>\n\t\t\t\t<\/div>\n\t\t\t\t\t<\/div>\n\t\t<\/div>\n\t\t\t\t\t\t\t<\/div>\n\t\t<\/section>\n\t\t\t\t<section class=\"elementor-section elementor-top-section elementor-element elementor-element-5c3801c elementor-section-boxed elementor-section-height-default elementor-section-height-default\" data-id=\"5c3801c\" data-element_type=\"section\" data-settings=\"{&quot;background_background&quot;:&quot;classic&quot;}\">\n\t\t\t\t\t\t<div class=\"elementor-container elementor-column-gap-default\">\n\t\t\t\t\t<div class=\"elementor-column elementor-col-66 elementor-top-column elementor-element elementor-element-d0e9197\" data-id=\"d0e9197\" data-element_type=\"column\">\n\t\t\t<div class=\"elementor-widget-wrap elementor-element-populated\">\n\t\t\t\t\t\t\t\t<div class=\"elementor-element elementor-element-7120c7a elementor-widget elementor-widget-text-editor\" data-id=\"7120c7a\" data-element_type=\"widget\" data-widget_type=\"text-editor.default\">\n\t\t\t\t<div class=\"elementor-widget-container\">\n\t\t\t\t\t\t\t<h2>Melanie Kaufmann-Frey, n\u00e9e Forster<\/h2>\n<p><em>1911-1994<\/em><\/p>\n<p>Un engagement incessant, une intense communaut\u00e9 d\u2019id\u00e9es et d\u2019actions, pendant six d\u00e9cennies, ont marqu\u00e9 le lien \u00e9troit qui unissait Madame Kaufmann-Frey, initiatrice de la Fondation \u00e0 l\u2019entreprise \u00ab V\u00eatements Frey \u00bb. D\u00e8s les premiers mois de ses relations avec son futur \u00e9poux, Hugo Frey, ce jeune professeur de piano abandonnait son salon de musique pour les locaux des entrep\u00f4ts et des bureaux de la SA Arthur Frey. Ses relations cordiales avec sa belle-m\u00e8re, \u00ab maman \u00bb Frey-Reimann, cofondatrice de l\u2019entreprise, lui ont permis de tisser des liens tr\u00e8s forts avec la famille, l\u2019entreprise et le personnel. Son attachement \u00e0 \u00ab V\u00eatements Frey \u00bb ne s\u2019est jamais d\u00e9menti, m\u00eame apr\u00e8s la tragique disparition de son fils, Dieter, et plus tard, le d\u00e9part tout aussi brutal de son \u00e9poux, Hugo. Elle s\u2019est toujours pr\u00e9occup\u00e9e du bien et de l\u2019avenir de l\u2019entreprise &#8211; entre-temps devenue FREY MODE PLUS &#8211; notamment au cours des derni\u00e8res ann\u00e9es qui ont \u00e9t\u00e9 tr\u00e8s difficiles. Elle n\u2019a cess\u00e9 d\u2019encourager les responsables, que ce soit par son soutien moral ou par sa voix d\u2019actionnaire. L\u2019entreprise \u00ab V\u00eatements Frey \u00bb \u00e9tait l\u2019essentiel de sa vie. Elle a cr\u00e9\u00e9 la Fondation HUGO ET MELANIE FREY en t\u00e9moignage de reconnaissance envers la famille fondatrice de l\u2019entreprise et en souvenir de Hugo Frey.<\/p>\n\t\t\t\t\t\t<\/div>\n\t\t\t\t<\/div>\n\t\t\t\t\t<\/div>\n\t\t<\/div>\n\t\t\t\t<div class=\"elementor-column elementor-col-33 elementor-top-column elementor-element elementor-element-d14aa4a\" data-id=\"d14aa4a\" data-element_type=\"column\">\n\t\t\t<div class=\"elementor-widget-wrap elementor-element-populated\">\n\t\t\t\t\t\t\t\t<div class=\"elementor-element elementor-element-38da7c7 elementor-widget elementor-widget-image\" data-id=\"38da7c7\" data-element_type=\"widget\" data-widget_type=\"image.default\">\n\t\t\t\t<div class=\"elementor-widget-container\">\n\t\t\t\t\t\t\t\t\t\t\t\t\t\t\t<img decoding=\"async\" width=\"200\" height=\"265\" src=\"https:\/\/melaniefrey-stiftung.ch\/wp-content\/uploads\/2023\/01\/melanie_frey.jpg\" class=\"attachment-large size-large wp-image-165\" alt=\"\" loading=\"lazy\" \/>\t\t\t\t\t\t\t\t\t\t\t\t\t\t\t<\/div>\n\t\t\t\t<\/div>\n\t\t\t\t\t<\/div>\n\t\t<\/div>\n\t\t\t\t\t\t\t<\/div>\n\t\t<\/section>\n\t\t\t\t\t\t\t<\/div>\n\t\t","protected":false},"excerpt":{"rendered":"<p>Hugo Frey 1910-1963 Hugo Frey \u00e9tait un entrepreneur cr\u00e9ateur, audacieux, d\u00e9termin\u00e9 et tr\u00e8s humain. Pendant plus de deux d\u00e9cennies, il a r\u00e9solument oeuvr\u00e9 &#8211; avec son fr\u00e8re Arthur &#8211; \u00e0 la r\u00e9alisation de leur vision des \u00ab V\u00eatements Frey \u00bb (fabrication et vente au d\u00e9tail), empreinte de principes \u00e9thiques et esth\u00e9tiques Son sens artistique se [&hellip;]<\/p>\n","protected":false},"author":1,"featured_media":0,"parent":0,"menu_order":0,"comment_status":"closed","ping_status":"closed","template":"","meta":[],"_links":{"self":[{"href":"https:\/\/melaniefrey-stiftung.ch\/fr\/wp-json\/wp\/v2\/pages\/229"}],"collection":[{"href":"https:\/\/melaniefrey-stiftung.ch\/fr\/wp-json\/wp\/v2\/pages"}],"about":[{"href":"https:\/\/melaniefrey-stiftung.ch\/fr\/wp-json\/wp\/v2\/types\/page"}],"author":[{"embeddable":true,"href":"https:\/\/melaniefrey-stiftung.ch\/fr\/wp-json\/wp\/v2\/users\/1"}],"replies":[{"embeddable":true,"href":"https:\/\/melaniefrey-stiftung.ch\/fr\/wp-json\/wp\/v2\/comments?post=229"}],"version-history":[{"count":1,"href":"https:\/\/melaniefrey-stiftung.ch\/fr\/wp-json\/wp\/v2\/pages\/229\/revisions"}],"predecessor-version":[{"id":230,"href":"https:\/\/melaniefrey-stiftung.ch\/fr\/wp-json\/wp\/v2\/pages\/229\/revisions\/230"}],"wp:attachment":[{"href":"https:\/\/melaniefrey-stiftung.ch\/fr\/wp-json\/wp\/v2\/media?parent=229"}],"curies":[{"name":"wp","href":"https:\/\/api.w.org\/{rel}","templated":true}]}}