{"id":231,"date":"2023-01-31T13:30:30","date_gmt":"2023-01-31T12:30:30","guid":{"rendered":"https:\/\/melaniefrey-stiftung.chprestations\/"},"modified":"2023-02-01T10:23:16","modified_gmt":"2023-02-01T09:23:16","slug":"prestations","status":"publish","type":"page","link":"https:\/\/melaniefrey-stiftung.ch\/fr\/prestations\/","title":{"rendered":"Prestations"},"content":{"rendered":"\t\t<div data-elementor-type=\"wp-page\" data-elementor-id=\"231\" class=\"elementor elementor-231 elementor-174\">\n\t\t\t\t\t\t\t\t\t<section class=\"elementor-section elementor-top-section elementor-element elementor-element-8be5bc7 elementor-section-boxed elementor-section-height-default elementor-section-height-default\" data-id=\"8be5bc7\" data-element_type=\"section\">\n\t\t\t\t\t\t<div class=\"elementor-container elementor-column-gap-default\">\n\t\t\t\t\t<div class=\"elementor-column elementor-col-100 elementor-top-column elementor-element elementor-element-ba66220\" data-id=\"ba66220\" data-element_type=\"column\" data-settings=\"{&quot;background_background&quot;:&quot;classic&quot;}\">\n\t\t\t<div class=\"elementor-widget-wrap elementor-element-populated\">\n\t\t\t\t\t\t\t\t<div class=\"elementor-element elementor-element-abdc4d3 elementor-widget elementor-widget-text-editor\" data-id=\"abdc4d3\" data-element_type=\"widget\" data-widget_type=\"text-editor.default\">\n\t\t\t\t<div class=\"elementor-widget-container\">\n\t\t\t<style>\/*! elementor - v3.10.1 - 17-01-2023 *\/\n.elementor-widget-text-editor.elementor-drop-cap-view-stacked .elementor-drop-cap{background-color:#818a91;color:#fff}.elementor-widget-text-editor.elementor-drop-cap-view-framed .elementor-drop-cap{color:#818a91;border:3px solid;background-color:transparent}.elementor-widget-text-editor:not(.elementor-drop-cap-view-default) .elementor-drop-cap{margin-top:8px}.elementor-widget-text-editor:not(.elementor-drop-cap-view-default) .elementor-drop-cap-letter{width:1em;height:1em}.elementor-widget-text-editor .elementor-drop-cap{float:left;text-align:center;line-height:1;font-size:50px}.elementor-widget-text-editor .elementor-drop-cap-letter{display:inline-block}<\/style>\t\t\t\t<h2>Qui a droit aux prestations de la Fondation ?<\/h2>\n<ul>\n<li>Les anciens employ\u00e9s de la SA Arthur Frey et de ses filiales<\/li>\n<li>Les \u00e9pouses, les \u00e9poux et les enfants qui font m\u00e9nage commun avec ces anciens employ\u00e9s ou qui le faisaient avant leur d\u00e9c\u00e8s<\/li>\n<li>A titre exceptionnel: les membres de la famille ou les survivants dont l\u2019entretien est &#8211; preuve \u00e0 l\u2019appui &#8211; \u00e0 charge de ces anciens employ\u00e9s, ou pour lesquels ils ont un devoir d\u2019assistance<\/li>\n<\/ul>\n\t\t\t\t\t\t<\/div>\n\t\t\t\t<\/div>\n\t\t\t\t<div class=\"elementor-element elementor-element-cd4365d elementor-widget elementor-widget-text-editor\" data-id=\"cd4365d\" data-element_type=\"widget\" data-widget_type=\"text-editor.default\">\n\t\t\t\t<div class=\"elementor-widget-container\">\n\t\t\t\t\t\t\t<h2>Sous quelle forme la Fondation fournit-elle son assistance ?<\/h2>\n<ul>\n<li>Contributions d\u2019assistance r\u00e9guli\u00e8res ou sporadiques (\u00e0 dur\u00e9e limit\u00e9e ou illimit\u00e9e)<\/li>\n<li>Pr\u00eats temporaires (porteurs d\u2019int\u00e9r\u00eats ou non)<\/li>\n<li>Allocations de formation professionnelle (prise en charge des frais, montants partiels ou pr\u00eats)<\/li>\n<li>Prestations d\u2019assistance (encadrement ou assistance dans des affaires personnelles, p. ex. conseils en mati\u00e8re de budget, th\u00e9rapies, recherches d\u2019emploi etc.)<\/li>\n<li>Conseil juridique (obtention de droits envers des tiers) <\/li>\n<\/ul>\n\t\t\t\t\t\t<\/div>\n\t\t\t\t<\/div>\n\t\t\t\t\t<\/div>\n\t\t<\/div>\n\t\t\t\t\t\t\t<\/div>\n\t\t<\/section>\n\t\t\t\t<section class=\"elementor-section elementor-top-section elementor-element elementor-element-8b05f62 elementor-section-boxed elementor-section-height-default elementor-section-height-default\" data-id=\"8b05f62\" data-element_type=\"section\" data-settings=\"{&quot;background_background&quot;:&quot;classic&quot;}\">\n\t\t\t\t\t\t<div class=\"elementor-container elementor-column-gap-default\">\n\t\t\t\t\t<div class=\"elementor-column elementor-col-100 elementor-top-column elementor-element elementor-element-71e4510\" data-id=\"71e4510\" data-element_type=\"column\" data-settings=\"{&quot;background_background&quot;:&quot;classic&quot;}\">\n\t\t\t<div class=\"elementor-widget-wrap elementor-element-populated\">\n\t\t\t\t\t\t\t\t<div class=\"elementor-element elementor-element-6ff65f2 elementor-widget elementor-widget-text-editor\" data-id=\"6ff65f2\" data-element_type=\"widget\" data-widget_type=\"text-editor.default\">\n\t\t\t\t<div class=\"elementor-widget-container\">\n\t\t\t\t\t\t\t<h2>Demande d\u2019assistance: comment proc\u00e9der ?<\/h2>\n<ol>\n<li>Premi\u00e8res informations ou premi\u00e8re demande d\u2019assistance: s\u2019adresser par t\u00e9l\u00e9phone, par Internet ou par \u00e9crit au d\u00e9l\u00e9gu\u00e9 de la Fondation.<\/li>\n<li>En r\u00e8gle g\u00e9n\u00e9rale, le d\u00e9l\u00e9gu\u00e9 de la Fondation convient d\u2019un premier rendez-vous sur place, avec le\/la requ\u00e9rant\/e.<\/li>\n<li>Au cours de cette entrevue, le\/la requ\u00e9rant\/e doit remplir &#8211; en toute conscience &#8211; un formulaire de demande d\u2019assistance, d\u2019entente avec le d\u00e9l\u00e9gu\u00e9 de la fondation (ou la personne de confiance qu\u2019il aura d\u00e9sign\u00e9e).<\/li>\n<\/ol>\n\t\t\t\t\t\t<\/div>\n\t\t\t\t<\/div>\n\t\t\t\t<div class=\"elementor-element elementor-element-8272173 elementor-widget elementor-widget-text-editor\" data-id=\"8272173\" data-element_type=\"widget\" data-widget_type=\"text-editor.default\">\n\t\t\t\t<div class=\"elementor-widget-container\">\n\t\t\t\t\t\t\t<h2>Demande d\u2019assistance: comment la d\u00e9cision est-elle prise ?<\/h2>\n<ol>\n<li>D\u2019entente avec le requ\u00e9rant\/la requ\u00e9rante, le d\u00e9l\u00e9gu\u00e9 de la Fondation d\u00e9termine si les conditions donnant droit \u00e0 une assistance sont r\u00e9unies<\/li>\n<li>Le d\u00e9l\u00e9gu\u00e9 de la Fondation transmet la demande d\u2019assistance au Conseil de fondation, auquel il pr\u00e9sente \u00e9galement son rapport y relatif.<\/li>\n<li>Le Conseil de fondation d\u00e9cide selon sa propre appr\u00e9ciation, en fonction des directives appliqu\u00e9es par la Fondation et des particularit\u00e9s du cas en question. Le pr\u00e9sident du Conseil de fondation r\u00e9dige une d\u00e9cision fixant les allocations. Le d\u00e9l\u00e9gu\u00e9 transmet cette d\u00e9cision au requ\u00e9rant\/\u00e0 la requ\u00e9rante.<\/li>\n<\/ol>\n\t\t\t\t\t\t<\/div>\n\t\t\t\t<\/div>\n\t\t\t\t<div class=\"elementor-element elementor-element-03ffc6a elementor-widget elementor-widget-button\" data-id=\"03ffc6a\" data-element_type=\"widget\" data-widget_type=\"button.default\">\n\t\t\t\t<div class=\"elementor-widget-container\">\n\t\t\t\t\t<div class=\"elementor-button-wrapper\">\n\t\t\t<a href=\"https:\/\/relaunch.melaniefrey-stiftung.ch\/fr\/contact\/\" class=\"elementor-button-link elementor-button elementor-size-sm\" role=\"button\">\n\t\t\t\t\t\t<span class=\"elementor-button-content-wrapper\">\n\t\t\t\t\t\t<span class=\"elementor-button-text\">d\u00e9poser une demande d\u2019assistance<\/span>\n\t\t<\/span>\n\t\t\t\t\t<\/a>\n\t\t<\/div>\n\t\t\t\t<\/div>\n\t\t\t\t<\/div>\n\t\t\t\t\t<\/div>\n\t\t<\/div>\n\t\t\t\t\t\t\t<\/div>\n\t\t<\/section>\n\t\t\t\t\t\t\t<\/div>\n\t\t","protected":false},"excerpt":{"rendered":"<p>Qui a droit aux prestations de la Fondation ? Les anciens employ\u00e9s de la SA Arthur Frey et de ses filiales Les \u00e9pouses, les \u00e9poux et les enfants qui font m\u00e9nage commun avec ces anciens employ\u00e9s ou qui le faisaient avant leur d\u00e9c\u00e8s A titre exceptionnel: les membres de la famille ou les survivants dont [&hellip;]<\/p>\n","protected":false},"author":1,"featured_media":0,"parent":0,"menu_order":0,"comment_status":"closed","ping_status":"closed","template":"","meta":[],"_links":{"self":[{"href":"https:\/\/melaniefrey-stiftung.ch\/fr\/wp-json\/wp\/v2\/pages\/231"}],"collection":[{"href":"https:\/\/melaniefrey-stiftung.ch\/fr\/wp-json\/wp\/v2\/pages"}],"about":[{"href":"https:\/\/melaniefrey-stiftung.ch\/fr\/wp-json\/wp\/v2\/types\/page"}],"author":[{"embeddable":true,"href":"https:\/\/melaniefrey-stiftung.ch\/fr\/wp-json\/wp\/v2\/users\/1"}],"replies":[{"embeddable":true,"href":"https:\/\/melaniefrey-stiftung.ch\/fr\/wp-json\/wp\/v2\/comments?post=231"}],"version-history":[{"count":4,"href":"https:\/\/melaniefrey-stiftung.ch\/fr\/wp-json\/wp\/v2\/pages\/231\/revisions"}],"predecessor-version":[{"id":267,"href":"https:\/\/melaniefrey-stiftung.ch\/fr\/wp-json\/wp\/v2\/pages\/231\/revisions\/267"}],"wp:attachment":[{"href":"https:\/\/melaniefrey-stiftung.ch\/fr\/wp-json\/wp\/v2\/media?parent=231"}],"curies":[{"name":"wp","href":"https:\/\/api.w.org\/{rel}","templated":true}]}}