{"id":233,"date":"2023-01-31T13:37:07","date_gmt":"2023-01-31T12:37:07","guid":{"rendered":"https:\/\/melaniefrey-stiftung.chassistance\/"},"modified":"2023-01-31T14:12:26","modified_gmt":"2023-01-31T13:12:26","slug":"assistance","status":"publish","type":"page","link":"https:\/\/melaniefrey-stiftung.ch\/fr\/assistance\/","title":{"rendered":"Assistance"},"content":{"rendered":"\t\t<div data-elementor-type=\"wp-page\" data-elementor-id=\"233\" class=\"elementor elementor-233 elementor-193\">\n\t\t\t\t\t\t\t\t\t<section class=\"elementor-section elementor-top-section elementor-element elementor-element-ec80c85 elementor-section-boxed elementor-section-height-default elementor-section-height-default\" data-id=\"ec80c85\" data-element_type=\"section\">\n\t\t\t\t\t\t<div class=\"elementor-container elementor-column-gap-default\">\n\t\t\t\t\t<div class=\"elementor-column elementor-col-100 elementor-top-column elementor-element elementor-element-ed53239\" data-id=\"ed53239\" data-element_type=\"column\" data-settings=\"{&quot;background_background&quot;:&quot;classic&quot;}\">\n\t\t\t<div class=\"elementor-widget-wrap elementor-element-populated\">\n\t\t\t\t\t\t\t\t<div class=\"elementor-element elementor-element-9f4d033 elementor-widget elementor-widget-text-editor\" data-id=\"9f4d033\" data-element_type=\"widget\" data-widget_type=\"text-editor.default\">\n\t\t\t\t<div class=\"elementor-widget-container\">\n\t\t\t<style>\/*! elementor - v3.10.1 - 17-01-2023 *\/\n.elementor-widget-text-editor.elementor-drop-cap-view-stacked .elementor-drop-cap{background-color:#818a91;color:#fff}.elementor-widget-text-editor.elementor-drop-cap-view-framed .elementor-drop-cap{color:#818a91;border:3px solid;background-color:transparent}.elementor-widget-text-editor:not(.elementor-drop-cap-view-default) .elementor-drop-cap{margin-top:8px}.elementor-widget-text-editor:not(.elementor-drop-cap-view-default) .elementor-drop-cap-letter{width:1em;height:1em}.elementor-widget-text-editor .elementor-drop-cap{float:left;text-align:center;line-height:1;font-size:50px}.elementor-widget-text-editor .elementor-drop-cap-letter{display:inline-block}<\/style>\t\t\t\t<h2>Selon quels principes agit la Fondation ?<\/h2>\n<ul>\n<li>La Fondation fournit une assistance selon le principe du total volontariat et selon sa propre appr\u00e9ciation. Aucune pr\u00e9tention juridique, aucun droit ne peuvent \u00eatre revendiqu\u00e9s.<\/li>\n<li>La Fondation alloue des prestations dans le cadre des possibilit\u00e9s financi\u00e8res et des ressources dont elle dispose.<\/li>\n<li>La Fondation ne peut octroyer des prestations auxquelles sont tenues, en premier lieu, les institutions de pr\u00e9voyance professionnelles ou publiques. Mais elle peut compl\u00e9ter ces prestations ou fournir une aide additionnelle sous forme de mesures appropri\u00e9es.<\/li>\n<li>Le Conseil de fondation traite chaque cas de mani\u00e8re individuelle. Il d\u00e9cide de la nature des prestations allou\u00e9es en fonction des directives appliqu\u00e9es par la Fondation et selon sa propre appr\u00e9ciation. Il peut rejeter une demande ou r\u00e9duire les prestations allou\u00e9es lorsque la pr\u00e9carit\u00e9 d\u00e9coule manifestement de la responsabilit\u00e9 personnelle du requ\u00e9rant\/de la requ\u00e9rante.<\/li>\n<\/ul>\n\t\t\t\t\t\t<\/div>\n\t\t\t\t<\/div>\n\t\t\t\t\t<\/div>\n\t\t<\/div>\n\t\t\t\t\t\t\t<\/div>\n\t\t<\/section>\n\t\t\t\t<section class=\"elementor-section elementor-top-section elementor-element elementor-element-1726e0c elementor-section-boxed elementor-section-height-default elementor-section-height-default\" data-id=\"1726e0c\" data-element_type=\"section\" data-settings=\"{&quot;background_background&quot;:&quot;classic&quot;}\">\n\t\t\t\t\t\t<div class=\"elementor-container elementor-column-gap-default\">\n\t\t\t\t\t<div class=\"elementor-column elementor-col-100 elementor-top-column elementor-element elementor-element-77eb7ef\" data-id=\"77eb7ef\" data-element_type=\"column\" data-settings=\"{&quot;background_background&quot;:&quot;classic&quot;}\">\n\t\t\t<div class=\"elementor-widget-wrap elementor-element-populated\">\n\t\t\t\t\t\t\t\t<div class=\"elementor-element elementor-element-9e3b7ff elementor-widget elementor-widget-text-editor\" data-id=\"9e3b7ff\" data-element_type=\"widget\" data-widget_type=\"text-editor.default\">\n\t\t\t\t<div class=\"elementor-widget-container\">\n\t\t\t\t\t\t\t<h2>Conditions li\u00e9es \u00e0 l\u2019obtention des prestations de la Fondation<\/h2>\n<ol>\n<li>Le\/la requ\u00e9rant\/e doit exposer sa situation financi\u00e8re et celle de son conjoint (revenu et fortune, en fonction notamment des derni\u00e8res d\u00e9clarations et taxations fiscales). Il en va de m\u00eame, s\u2019agissant des membres de la famille faisant m\u00e9nage commun avec le\/la requ\u00e9rant\/e et des concubins.<\/li>\n<li>La Fondation peut exiger d\u2019autres documents ou proc\u00e9der \u00e0 des clarifications suppl\u00e9mentaires.<\/li>\n<li>Si depuis la remise de la \u00ab d\u00e9cision fixant les allocations \u00bb, les conditions se modifient au d\u00e9triment du\/de la prestataire, la Fondation peut, sur nouvelle demande, accorder des prestations suppl\u00e9mentaires.<\/li>\n<li>Si depuis la remise de la \u00ab d\u00e9cision fixant les allocations \u00bb, les conditions se modifient en faveur du\/de la prestataire (p. ex. nouveaux revenus ou rentes, d\u00e9volutions de biens, d\u00e9volutions de successorales), celui-ci\/celle-ci doit imm\u00e9diatement en informer la Fondation. Dans ce cas, la Fondation peut suspendre ou diminuer ses prestations.<\/li>\n<li>S\u2019il s\u2019av\u00e8re que le\/la prestataire a donn\u00e9 des renseignements inexacts dans sa demande ou qu\u2019il a dissimul\u00e9 un changement de situation, la Fondation peut lui demander la restitution des prestations allou\u00e9es.<\/li>\n<li>Lorsque la Fondation verse des allocations mensuelles d\u2019assistance, celles-ci sont, dans la r\u00e8gle, attribu\u00e9es pendant un an. L\u2019assistance peut \u00eatre prolong\u00e9e d\u2019une ann\u00e9e, sans qu\u2019une nouvelle demande soit requise. Dans ce cas, la Fondation v\u00e9rifie que la situation du\/de la prestataire ne s\u2019est pas modifi\u00e9e.<\/li>\n<li>La Fondation peut suspendre le versement des prestations allou\u00e9es ou r\u00e9duire celles-ci si, par suite de circonstances impr\u00e9vues, sa situation financi\u00e8re ne lui permet plus d\u2019octroyer des prestations. Dans ce cas, elle en informera le\/la prestataire assez t\u00f4t mais au moins six mois \u00e0 l\u2019avance.<\/li>\n<li>Les d\u00e9cisions concernant les contributions sont sans appel. Il n\u2019existe aucun droit aux prestations de la Fondation.<\/li>\n<li>Sur demande justifi\u00e9e, le Conseil de fondation peut revenir sur une d\u00e9cision lorsque des faits essentiels \u00e9taient ignor\u00e9s quand la d\u00e9cision a \u00e9t\u00e9 prise.<\/li>\n<li>Dans la r\u00e8gle, les prestations de la Fondation ne sont pas soumises \u00e0 l\u2019imp\u00f4t sur le revenu. Elles peuvent tout au plus \u00eatre soumises \u00e0 l\u2019imp\u00f4t sur les donations.<\/li>\n<\/ol>\n\t\t\t\t\t\t<\/div>\n\t\t\t\t<\/div>\n\t\t\t\t<div class=\"elementor-element elementor-element-6a19290 elementor-widget elementor-widget-text-editor\" data-id=\"6a19290\" data-element_type=\"widget\" data-widget_type=\"text-editor.default\">\n\t\t\t\t<div class=\"elementor-widget-container\">\n\t\t\t\t\t\t\t<h2>Demande d\u2019assistance: comment la d\u00e9cision est-elle prise ?<\/h2>\n<ol>\n<li>D\u2019entente avec le requ\u00e9rant\/la requ\u00e9rante, le d\u00e9l\u00e9gu\u00e9 de la Fondation d\u00e9termine si les conditions donnant droit \u00e0 une assistance sont r\u00e9unies<\/li>\n<li>Le d\u00e9l\u00e9gu\u00e9 de la Fondation transmet la demande d\u2019assistance au Conseil de fondation, auquel il pr\u00e9sente \u00e9galement son rapport y relatif.<\/li>\n<li>Le Conseil de fondation d\u00e9cide selon sa propre appr\u00e9ciation, en fonction des directives appliqu\u00e9es par la Fondation et des particularit\u00e9s du cas en question. Le pr\u00e9sident du Conseil de fondation r\u00e9dige une d\u00e9cision fixant les allocations. Le d\u00e9l\u00e9gu\u00e9 transmet cette d\u00e9cision au requ\u00e9rant\/\u00e0 la requ\u00e9rante.<\/li>\n<\/ol>\n\t\t\t\t\t\t<\/div>\n\t\t\t\t<\/div>\n\t\t\t\t<div class=\"elementor-element elementor-element-9b44b8d elementor-widget elementor-widget-button\" data-id=\"9b44b8d\" data-element_type=\"widget\" data-widget_type=\"button.default\">\n\t\t\t\t<div class=\"elementor-widget-container\">\n\t\t\t\t\t<div class=\"elementor-button-wrapper\">\n\t\t\t<a href=\"#\" class=\"elementor-button-link elementor-button elementor-size-sm\" role=\"button\">\n\t\t\t\t\t\t<span class=\"elementor-button-content-wrapper\">\n\t\t\t\t\t\t<span class=\"elementor-button-text\">d\u00e9poser une demande d\u2019assistance<\/span>\n\t\t<\/span>\n\t\t\t\t\t<\/a>\n\t\t<\/div>\n\t\t\t\t<\/div>\n\t\t\t\t<\/div>\n\t\t\t\t\t<\/div>\n\t\t<\/div>\n\t\t\t\t\t\t\t<\/div>\n\t\t<\/section>\n\t\t\t\t\t\t\t<\/div>\n\t\t","protected":false},"excerpt":{"rendered":"<p>Selon quels principes agit la Fondation ? La Fondation fournit une assistance selon le principe du total volontariat et selon sa propre appr\u00e9ciation. Aucune pr\u00e9tention juridique, aucun droit ne peuvent \u00eatre revendiqu\u00e9s. La Fondation alloue des prestations dans le cadre des possibilit\u00e9s financi\u00e8res et des ressources dont elle dispose. La Fondation ne peut octroyer des [&hellip;]<\/p>\n","protected":false},"author":1,"featured_media":0,"parent":0,"menu_order":0,"comment_status":"closed","ping_status":"closed","template":"","meta":[],"_links":{"self":[{"href":"https:\/\/melaniefrey-stiftung.ch\/fr\/wp-json\/wp\/v2\/pages\/233"}],"collection":[{"href":"https:\/\/melaniefrey-stiftung.ch\/fr\/wp-json\/wp\/v2\/pages"}],"about":[{"href":"https:\/\/melaniefrey-stiftung.ch\/fr\/wp-json\/wp\/v2\/types\/page"}],"author":[{"embeddable":true,"href":"https:\/\/melaniefrey-stiftung.ch\/fr\/wp-json\/wp\/v2\/users\/1"}],"replies":[{"embeddable":true,"href":"https:\/\/melaniefrey-stiftung.ch\/fr\/wp-json\/wp\/v2\/comments?post=233"}],"version-history":[{"count":1,"href":"https:\/\/melaniefrey-stiftung.ch\/fr\/wp-json\/wp\/v2\/pages\/233\/revisions"}],"predecessor-version":[{"id":234,"href":"https:\/\/melaniefrey-stiftung.ch\/fr\/wp-json\/wp\/v2\/pages\/233\/revisions\/234"}],"wp:attachment":[{"href":"https:\/\/melaniefrey-stiftung.ch\/fr\/wp-json\/wp\/v2\/media?parent=233"}],"curies":[{"name":"wp","href":"https:\/\/api.w.org\/{rel}","templated":true}]}}