{"id":249,"date":"2023-01-31T13:37:07","date_gmt":"2023-01-31T12:37:07","guid":{"rendered":"https:\/\/melaniefrey-stiftung.chprest-di-assist\/"},"modified":"2023-01-31T15:22:29","modified_gmt":"2023-01-31T14:22:29","slug":"prest-di-assist","status":"publish","type":"page","link":"https:\/\/melaniefrey-stiftung.ch\/it\/prest-di-assist\/","title":{"rendered":"Prest. di Assist."},"content":{"rendered":"\t\t<div data-elementor-type=\"wp-page\" data-elementor-id=\"249\" class=\"elementor elementor-249 elementor-193\">\n\t\t\t\t\t\t\t\t\t<section class=\"elementor-section elementor-top-section elementor-element elementor-element-ec80c85 elementor-section-boxed elementor-section-height-default elementor-section-height-default\" data-id=\"ec80c85\" data-element_type=\"section\">\n\t\t\t\t\t\t<div class=\"elementor-container elementor-column-gap-default\">\n\t\t\t\t\t<div class=\"elementor-column elementor-col-100 elementor-top-column elementor-element elementor-element-ed53239\" data-id=\"ed53239\" data-element_type=\"column\" data-settings=\"{&quot;background_background&quot;:&quot;classic&quot;}\">\n\t\t\t<div class=\"elementor-widget-wrap elementor-element-populated\">\n\t\t\t\t\t\t\t\t<div class=\"elementor-element elementor-element-9f4d033 elementor-widget elementor-widget-text-editor\" data-id=\"9f4d033\" data-element_type=\"widget\" data-widget_type=\"text-editor.default\">\n\t\t\t\t<div class=\"elementor-widget-container\">\n\t\t\t<style>\/*! elementor - v3.10.1 - 17-01-2023 *\/\n.elementor-widget-text-editor.elementor-drop-cap-view-stacked .elementor-drop-cap{background-color:#818a91;color:#fff}.elementor-widget-text-editor.elementor-drop-cap-view-framed .elementor-drop-cap{color:#818a91;border:3px solid;background-color:transparent}.elementor-widget-text-editor:not(.elementor-drop-cap-view-default) .elementor-drop-cap{margin-top:8px}.elementor-widget-text-editor:not(.elementor-drop-cap-view-default) .elementor-drop-cap-letter{width:1em;height:1em}.elementor-widget-text-editor .elementor-drop-cap{float:left;text-align:center;line-height:1;font-size:50px}.elementor-widget-text-editor .elementor-drop-cap-letter{display:inline-block}<\/style>\t\t\t\t<h2>Secondo quali principi agisce la Fondazione?<\/h2>\n<ul>\n<li>La Fondazione presta assistenza sulla base di libera volont\u00e0 e valutazione. Non esiste un diritto legale a delle prestazioni.<\/li>\n<li>La Fondazione aiuta nell\u2019ambito delle sue disponibilit\u00e0 finanziarie.<\/li>\n<li>La Fondazione non pu\u00f2 elargire prestazioni se sono impegnate istituzioni sociali dei datori di lavoro o dello Stato. Essa pu\u00f2 per\u00f2 decidere prestazioni complementari nella forma adeguata al caso.<\/li>\n<li>Il Consiglio della Fondazione tratta ogni richiesta in forma individuale e decide liberamente secondo i regolamenti della Fondazione sulla forma e sul modo d\u2019aiuto. In caso di difficolt\u00e0, sorta per propria incuria, il consiglio di fondazione pu\u00f2 negare o limitare l\u2019assistenza.<\/li>\n<\/ul>\n\t\t\t\t\t\t<\/div>\n\t\t\t\t<\/div>\n\t\t\t\t\t<\/div>\n\t\t<\/div>\n\t\t\t\t\t\t\t<\/div>\n\t\t<\/section>\n\t\t\t\t<section class=\"elementor-section elementor-top-section elementor-element elementor-element-1726e0c elementor-section-boxed elementor-section-height-default elementor-section-height-default\" data-id=\"1726e0c\" data-element_type=\"section\" data-settings=\"{&quot;background_background&quot;:&quot;classic&quot;}\">\n\t\t\t\t\t\t<div class=\"elementor-container elementor-column-gap-default\">\n\t\t\t\t\t<div class=\"elementor-column elementor-col-100 elementor-top-column elementor-element elementor-element-77eb7ef\" data-id=\"77eb7ef\" data-element_type=\"column\" data-settings=\"{&quot;background_background&quot;:&quot;classic&quot;}\">\n\t\t\t<div class=\"elementor-widget-wrap elementor-element-populated\">\n\t\t\t\t\t\t\t\t<div class=\"elementor-element elementor-element-9e3b7ff elementor-widget elementor-widget-text-editor\" data-id=\"9e3b7ff\" data-element_type=\"widget\" data-widget_type=\"text-editor.default\">\n\t\t\t\t<div class=\"elementor-widget-container\">\n\t\t\t\t\t\t\t<h2>A quali condizioni sono legate le decisioni?<\/h2>\n<ol>\n<li>Chi richiede un\u2019assistenza finanziaria deve fornire informazioni sulla sua situazione economica, sul reddito e sulla sostanza, della moglie e\/o del marito ed allegare l\u2019ultima dichiarazione dei redditi e l\u2019ultima tassazione. Questa disposizione vale anche per familiari che vivono nella stessa economia domestica.<\/li>\n<li>La Fondazione pu\u00f2 chiedere altri documenti o procedere alla ricerca d\u2019informazioni complementari.<\/li>\n<li>In seguito a sfavorevoli mutazioni nella situazione del richiedente, per richiesta la fondazione pu\u00f2 decidere successive prestazioni.<\/li>\n<li>Se la situazione del richiedente cambia a suo favore (p.e. nuove entrate, nuove rendite, eredit\u00e0), lo stesso deve informare immediatamente la Fondazione. In questi casi la Fondazione pu\u00f2 diminuire o interrompere le sue prestazioni.<\/li>\n<li>L\u2019assegnazione di prestazioni mensili di regola \u00e8 valida per un anno. La Fondazione rinnova le sue prestazioni di anno in anno, senza una nuova richiesta. Essa esamina eventuali cambiamenti della situazione.<\/li>\n<li>L\u2019assegnazione di prestazioni mensili di regola \u00e8 valida per un anno. La Fondazione rinnova le sue prestazioni di anno in anno, senza una nuova richiesta. Essa esamina eventuali cambiamenti della situazione.<\/li>\n<li>Nel caso di avvenimenti imprevedibili che portano la Fondazione in una situazione precaria, le prestazioni possono essere diminuite o interrotte. In questo caso la Fondazione informa il destinatario in tempo debito, almeno sei mesi in anticipo.<\/li>\n<li>Il \u201cdecreto di contributo\u201d(Beitragsverf\u00fcgung) \u00e8 definitivo. Non esiste un diritto legale a delle prestazioni della Fondazione.<\/li>\n<li>Una decisione negativa pu\u00f2 essere riesaminata dal Consiglio della Fondazione soltanto per richiesta esplicita e motivata, e se al momento della prima valutazione mancavano dati essenziali.<\/li>\n<li>Normalmente le prestazioni della Fondazione sono esenti di oneri fiscali. Rimane aperta la possibilit\u00e0 dell\u2019imposta sulle donazioni.<\/li>\n<\/ol>\n\t\t\t\t\t\t<\/div>\n\t\t\t\t<\/div>\n\t\t\t\t<div class=\"elementor-element elementor-element-6a19290 elementor-widget elementor-widget-text-editor\" data-id=\"6a19290\" data-element_type=\"widget\" data-widget_type=\"text-editor.default\">\n\t\t\t\t<div class=\"elementor-widget-container\">\n\t\t\t\t\t\t\t<h2>Quali sono i criteri di decisione?<\/h2>\n<ol>\n<li>Il Delegato stabilisce insieme con il richiedente se sono date le circostanze per un\u2019assistenza.<\/li>\n<li>Il Delegato trasmette la richiesta al Consiglio della Fondazione completato della sua proposta.<\/li>\n<li>Il Consiglio della Fondazione decide in libera valutazione sulla base dei regolamenti della Fondazione, e delle circostanze individuali del caso specifico. Il presidente del Consiglio della Fondazione decide e redige il \u201cdecreto di contributo\u201d. Il Delegato trasmette la decisione ed il \u201cdecreto di contributo\u201d al richiedente.<\/li>\n<\/ol>\n\t\t\t\t\t\t<\/div>\n\t\t\t\t<\/div>\n\t\t\t\t<div class=\"elementor-element elementor-element-9b44b8d elementor-widget elementor-widget-button\" data-id=\"9b44b8d\" data-element_type=\"widget\" data-widget_type=\"button.default\">\n\t\t\t\t<div class=\"elementor-widget-container\">\n\t\t\t\t\t<div class=\"elementor-button-wrapper\">\n\t\t\t<a href=\"#\" class=\"elementor-button-link elementor-button elementor-size-sm\" role=\"button\">\n\t\t\t\t\t\t<span class=\"elementor-button-content-wrapper\">\n\t\t\t\t\t\t<span class=\"elementor-button-text\">inviare una richiesta d\u2019assistenza<\/span>\n\t\t<\/span>\n\t\t\t\t\t<\/a>\n\t\t<\/div>\n\t\t\t\t<\/div>\n\t\t\t\t<\/div>\n\t\t\t\t\t<\/div>\n\t\t<\/div>\n\t\t\t\t\t\t\t<\/div>\n\t\t<\/section>\n\t\t\t\t\t\t\t<\/div>\n\t\t","protected":false},"excerpt":{"rendered":"<p>Secondo quali principi agisce la Fondazione? La Fondazione presta assistenza sulla base di libera volont\u00e0 e valutazione. Non esiste un diritto legale a delle prestazioni. La Fondazione aiuta nell\u2019ambito delle sue disponibilit\u00e0 finanziarie. La Fondazione non pu\u00f2 elargire prestazioni se sono impegnate istituzioni sociali dei datori di lavoro o dello Stato. Essa pu\u00f2 per\u00f2 decidere [&hellip;]<\/p>\n","protected":false},"author":1,"featured_media":0,"parent":0,"menu_order":0,"comment_status":"closed","ping_status":"closed","template":"","meta":[],"_links":{"self":[{"href":"https:\/\/melaniefrey-stiftung.ch\/it\/wp-json\/wp\/v2\/pages\/249"}],"collection":[{"href":"https:\/\/melaniefrey-stiftung.ch\/it\/wp-json\/wp\/v2\/pages"}],"about":[{"href":"https:\/\/melaniefrey-stiftung.ch\/it\/wp-json\/wp\/v2\/types\/page"}],"author":[{"embeddable":true,"href":"https:\/\/melaniefrey-stiftung.ch\/it\/wp-json\/wp\/v2\/users\/1"}],"replies":[{"embeddable":true,"href":"https:\/\/melaniefrey-stiftung.ch\/it\/wp-json\/wp\/v2\/comments?post=249"}],"version-history":[{"count":1,"href":"https:\/\/melaniefrey-stiftung.ch\/it\/wp-json\/wp\/v2\/pages\/249\/revisions"}],"predecessor-version":[{"id":250,"href":"https:\/\/melaniefrey-stiftung.ch\/it\/wp-json\/wp\/v2\/pages\/249\/revisions\/250"}],"wp:attachment":[{"href":"https:\/\/melaniefrey-stiftung.ch\/it\/wp-json\/wp\/v2\/media?parent=249"}],"curies":[{"name":"wp","href":"https:\/\/api.w.org\/{rel}","templated":true}]}}